{"id":17,"date":"2018-06-26T15:28:21","date_gmt":"2018-06-26T18:28:21","guid":{"rendered":"https:\/\/backesusinagem.com.br\/site\/?page_id=17"},"modified":"2018-07-04T17:24:18","modified_gmt":"2018-07-04T20:24:18","slug":"quem-somos","status":"publish","type":"page","link":"https:\/\/backesusinagem.com.br\/site\/?page_id=17","title":{"rendered":"QUEM SOMOS"},"content":{"rendered":"<p>[vc_row][vc_column width=&#8221;2\/3&#8243;][vc_column_text css_animation=&#8221;right-to-left&#8221;]A BACKES Usinagem atua no mercado de trabalho desde 02 de maio de 2011,desde ent\u00e3o\u00a0 ,estabelece como principal objetivo a qualidade de seus servi\u00e7os e , tamb\u00e9m , a satisfa\u00e7\u00e3o total de seus clientes.<\/p>\n<p>A empresa busca o diferencial com alta qualidade ,bom atendimento , isso faz com que ,por seu desempenho e dedica\u00e7\u00e3o , o nome da empresa seja preservado e reconhecido neste meio.[\/vc_column_text][\/vc_column][vc_column width=&#8221;1\/3&#8243;][vc_single_image image=&#8221;32&#8243; style=&#8221;vc_box_circle&#8221; css_animation=&#8221;left-to-right&#8221;][\/vc_column][\/vc_row]<\/p>\n","protected":false},"excerpt":{"rendered":"<p>[vc_row][vc_column width=&#8221;2\/3&#8243;][vc_column_text css_animation=&#8221;right-to-left&#8221;]A BACKES Usinagem atua no mercado de trabalho desde 02 de maio de 2011,desde ent\u00e3o\u00a0 ,estabelece como principal objetivo a qualidade de seus servi\u00e7os e , tamb\u00e9m , a satisfa\u00e7\u00e3o total de seus clientes. A empresa busca o diferencial com alta qualidade ,bom atendimento , isso faz com que ,por seu desempenho e&hellip;<\/p>\n","protected":false},"author":1,"featured_media":0,"parent":0,"menu_order":10,"comment_status":"closed","ping_status":"closed","template":"","meta":{"footnotes":""},"class_list":["post-17","page","type-page","status-publish","hentry","gallery-content-unit","description-off"],"_links":{"self":[{"href":"https:\/\/backesusinagem.com.br\/site\/index.php?rest_route=\/wp\/v2\/pages\/17","targetHints":{"allow":["GET"]}}],"collection":[{"href":"https:\/\/backesusinagem.com.br\/site\/index.php?rest_route=\/wp\/v2\/pages"}],"about":[{"href":"https:\/\/backesusinagem.com.br\/site\/index.php?rest_route=\/wp\/v2\/types\/page"}],"author":[{"embeddable":true,"href":"https:\/\/backesusinagem.com.br\/site\/index.php?rest_route=\/wp\/v2\/users\/1"}],"replies":[{"embeddable":true,"href":"https:\/\/backesusinagem.com.br\/site\/index.php?rest_route=%2Fwp%2Fv2%2Fcomments&post=17"}],"version-history":[{"count":3,"href":"https:\/\/backesusinagem.com.br\/site\/index.php?rest_route=\/wp\/v2\/pages\/17\/revisions"}],"predecessor-version":[{"id":33,"href":"https:\/\/backesusinagem.com.br\/site\/index.php?rest_route=\/wp\/v2\/pages\/17\/revisions\/33"}],"wp:attachment":[{"href":"https:\/\/backesusinagem.com.br\/site\/index.php?rest_route=%2Fwp%2Fv2%2Fmedia&parent=17"}],"curies":[{"name":"wp","href":"https:\/\/api.w.org\/{rel}","templated":true}]}}