{"id":109,"date":"2019-06-24T10:00:56","date_gmt":"2019-06-24T13:00:56","guid":{"rendered":"https:\/\/backesusinagem.com.br\/site\/?page_id=109"},"modified":"2019-06-24T10:00:56","modified_gmt":"2019-06-24T13:00:56","slug":"maquina-textil","status":"publish","type":"page","link":"https:\/\/backesusinagem.com.br\/site\/?page_id=109","title":{"rendered":"M\u00e1quina T\u00eaxtil"},"content":{"rendered":"<p>[vc_row][vc_column width=&#8221;1\/2&#8243;][vc_single_image image=&#8221;34&#8243; img_size=&#8221;full&#8221; alignment=&#8221;center&#8221; css_animation=&#8221;appear&#8221; lazy_loading=&#8221;true&#8221;][\/vc_column][vc_column width=&#8221;1\/2&#8243;]<div id=\"ultimate-heading-837769f36caadb4b2\" class=\"uvc-heading ult-adjust-bottom-margin ultimate-heading-837769f36caadb4b2 uvc-5650  uvc-heading-default-font-sizes\" data-hspacer=\"no_spacer\"  data-halign=\"center\" style=\"text-align:center\"><div class=\"uvc-heading-spacer no_spacer\" style=\"top\"><\/div><div class=\"uvc-main-heading ult-responsive\"  data-ultimate-target='.uvc-heading.ultimate-heading-837769f36caadb4b2 h2'  data-responsive-json-new='{\"font-size\":\"\",\"line-height\":\"\"}' ><h2 style=\"--font-weight:theme;\">Usinagem para M\u00e1quina T\u00eaxtil?<\/h2><\/div><\/div>[vc_column_text css_animation=&#8221;appear&#8221;]<\/p>\n<p style=\"text-align: justify;\">Temos a solu\u00e7\u00e3o para voc\u00ea em usinagem de pe\u00e7as para sua empresa. Usinamos todos os tipos de pe\u00e7as para Ind\u00fastria t\u00eaxtil. Atendemos todo o Brasil.<\/p>\n<p>[\/vc_column_text][vc_column_text css_animation=&#8221;appear&#8221;]<\/p>\n<p style=\"text-align: justify;\">Solicite uma cota\u00e7\u00e3o sem compromisso. Responderemos o mais breve poss\u00edvel.<\/p>\n<p>[\/vc_column_text]<div id=\"ultimate-heading-731369f36caadb4e1\" class=\"uvc-heading ult-adjust-bottom-margin ultimate-heading-731369f36caadb4e1 uvc-8438  uvc-heading-default-font-sizes\" data-hspacer=\"no_spacer\"  data-halign=\"center\" style=\"text-align:center\"><div class=\"uvc-heading-spacer no_spacer\" style=\"top\"><\/div><div class=\"uvc-main-heading ult-responsive\"  data-ultimate-target='.uvc-heading.ultimate-heading-731369f36caadb4e1 h2'  data-responsive-json-new='{\"font-size\":\"\",\"line-height\":\"\"}' ><h2 style=\"--font-weight:theme;\">(47) 3394-0775<\/h2><\/div><div class=\"uvc-sub-heading ult-responsive\"  data-ultimate-target='.uvc-heading.ultimate-heading-731369f36caadb4e1 .uvc-sub-heading '  data-responsive-json-new='{\"font-size\":\"\",\"line-height\":\"\"}'  style=\"font-weight:normal;\">Atendimento Personalizado.<\/div><\/div>[vc_empty_space][vc_btn title=&#8221;Preciso de um Or\u00e7amento&#8221; align=&#8221;center&#8221; css_animation=&#8221;appear&#8221; button_block=&#8221;true&#8221; smooth_scroll=&#8221;true&#8221; link=&#8221;url:https%3A%2F%2Fbackesusinagem.com.br%2Fsite%2Ffale-conosco%2F|||&#8221;][\/vc_column][\/vc_row]<\/p>\n","protected":false},"excerpt":{"rendered":"<p>[vc_row][vc_column width=&#8221;1\/2&#8243;][vc_single_image image=&#8221;34&#8243; img_size=&#8221;full&#8221; alignment=&#8221;center&#8221; css_animation=&#8221;appear&#8221; lazy_loading=&#8221;true&#8221;][\/vc_column][vc_column width=&#8221;1\/2&#8243;][vc_column_text css_animation=&#8221;appear&#8221;] Temos a solu\u00e7\u00e3o para voc\u00ea em usinagem de pe\u00e7as para sua empresa. Usinamos todos os tipos de pe\u00e7as para Ind\u00fastria t\u00eaxtil. Atendemos todo o Brasil. [\/vc_column_text][vc_column_text css_animation=&#8221;appear&#8221;] Solicite uma cota\u00e7\u00e3o sem compromisso. Responderemos o mais breve poss\u00edvel. [\/vc_column_text][vc_empty_space][vc_btn title=&#8221;Preciso de um Or\u00e7amento&#8221; align=&#8221;center&#8221; css_animation=&#8221;appear&#8221; button_block=&#8221;true&#8221; smooth_scroll=&#8221;true&#8221;&hellip;<\/p>\n","protected":false},"author":1,"featured_media":0,"parent":102,"menu_order":0,"comment_status":"closed","ping_status":"closed","template":"","meta":{"footnotes":""},"class_list":["post-109","page","type-page","status-publish","hentry","gallery-content-unit","description-off"],"_links":{"self":[{"href":"https:\/\/backesusinagem.com.br\/site\/index.php?rest_route=\/wp\/v2\/pages\/109","targetHints":{"allow":["GET"]}}],"collection":[{"href":"https:\/\/backesusinagem.com.br\/site\/index.php?rest_route=\/wp\/v2\/pages"}],"about":[{"href":"https:\/\/backesusinagem.com.br\/site\/index.php?rest_route=\/wp\/v2\/types\/page"}],"author":[{"embeddable":true,"href":"https:\/\/backesusinagem.com.br\/site\/index.php?rest_route=\/wp\/v2\/users\/1"}],"replies":[{"embeddable":true,"href":"https:\/\/backesusinagem.com.br\/site\/index.php?rest_route=%2Fwp%2Fv2%2Fcomments&post=109"}],"version-history":[{"count":1,"href":"https:\/\/backesusinagem.com.br\/site\/index.php?rest_route=\/wp\/v2\/pages\/109\/revisions"}],"predecessor-version":[{"id":110,"href":"https:\/\/backesusinagem.com.br\/site\/index.php?rest_route=\/wp\/v2\/pages\/109\/revisions\/110"}],"up":[{"embeddable":true,"href":"https:\/\/backesusinagem.com.br\/site\/index.php?rest_route=\/wp\/v2\/pages\/102"}],"wp:attachment":[{"href":"https:\/\/backesusinagem.com.br\/site\/index.php?rest_route=%2Fwp%2Fv2%2Fmedia&parent=109"}],"curies":[{"name":"wp","href":"https:\/\/api.w.org\/{rel}","templated":true}]}}